{"id":108,"date":"2023-04-22T08:35:05","date_gmt":"2023-04-22T06:35:05","guid":{"rendered":"http:\/\/rfv.goldenponies.ch\/?page_id=108"},"modified":"2025-06-13T20:02:20","modified_gmt":"2025-06-13T18:02:20","slug":"vorstand","status":"publish","type":"page","link":"https:\/\/rfv-aegerital.ch\/?page_id=108","title":{"rendered":"Vorstand"},"content":{"rendered":"\n<div class=\"wp-block-media-text alignwide is-stacked-on-mobile\"><figure class=\"wp-block-media-text__media\"><img loading=\"lazy\" decoding=\"async\" width=\"1184\" height=\"789\" src=\"http:\/\/rfv-aegerital.ch\/wp-content\/uploads\/2023\/04\/Nadia.jpg\" alt=\"\" class=\"wp-image-109 size-full\"\/><\/figure><div class=\"wp-block-media-text__content\">\n<p>Pr\u00e4sidentin &#8211; Nadja Hausmann<\/p>\n<\/div><\/div>\n\n\n\n<p><\/p>\n\n\n\n<p><\/p>\n\n\n\n<div class=\"wp-block-media-text alignwide is-stacked-on-mobile\"><figure class=\"wp-block-media-text__media\"><img loading=\"lazy\" decoding=\"async\" width=\"744\" height=\"823\" src=\"http:\/\/rfv-aegerital.ch\/wp-content\/uploads\/2023\/04\/Manuela.jpg\" alt=\"\" class=\"wp-image-110 size-full\"\/><\/figure><div class=\"wp-block-media-text__content\">\n<p>Vizepr\u00e4sidentin &#8211; Manuela Wolf<\/p>\n<\/div><\/div>\n\n\n\n<p><\/p>\n\n\n\n<div class=\"wp-block-media-text alignwide is-stacked-on-mobile\"><figure class=\"wp-block-media-text__media\"><img loading=\"lazy\" decoding=\"async\" width=\"2048\" height=\"1365\" src=\"http:\/\/rfv-aegerital.ch\/wp-content\/uploads\/2023\/04\/Stephanie.jpg\" alt=\"\" class=\"wp-image-111 size-full\"\/><\/figure><div class=\"wp-block-media-text__content\">\n<p>Aktuarin &#8211; Stephanie H\u00fcrlimann<\/p>\n<\/div><\/div>\n\n\n\n<p><\/p>\n\n\n\n<div class=\"wp-block-media-text alignwide is-stacked-on-mobile\"><figure class=\"wp-block-media-text__media\"><img loading=\"lazy\" decoding=\"async\" width=\"1280\" height=\"853\" src=\"http:\/\/rfv-aegerital.ch\/wp-content\/uploads\/2023\/04\/beispiel_pferd.jpg\" alt=\"\" class=\"wp-image-112 size-full\"\/><\/figure><div class=\"wp-block-media-text__content\">\n<p>Kassierin &#8211;&nbsp;Anja Merz&nbsp;<\/p>\n<\/div><\/div>\n\n\n\n<p><\/p>\n\n\n\n<div class=\"wp-block-media-text alignwide is-stacked-on-mobile\"><figure class=\"wp-block-media-text__media\"><img loading=\"lazy\" decoding=\"async\" width=\"1280\" height=\"853\" src=\"http:\/\/rfv-aegerital.ch\/wp-content\/uploads\/2023\/04\/beispiel_pferd-1.jpg\" alt=\"\" class=\"wp-image-113 size-full\"\/><\/figure><div class=\"wp-block-media-text__content\">\n<p>Beisitzer &#8211; Steffi K\u00f6ppel<\/p>\n<\/div><\/div>\n\n\n\n<p><\/p>\n","protected":false},"excerpt":{"rendered":"<p>Pr\u00e4sidentin &#8211; Nadja Hausmann Vizepr\u00e4sidentin &#8211; Manuela Wolf Aktuarin &#8211; Stephanie H\u00fcrlimann Kassierin &#8211;&nbsp;Anja Merz&nbsp; Beisitzer &#8211; Steffi K\u00f6ppel<\/p>\n","protected":false},"author":1,"featured_media":0,"parent":0,"menu_order":0,"comment_status":"closed","ping_status":"closed","template":"","meta":{"neve_meta_sidebar":"","neve_meta_container":"","neve_meta_enable_content_width":"","neve_meta_content_width":0,"neve_meta_title_alignment":"","neve_meta_author_avatar":"","neve_post_elements_order":"","neve_meta_disable_header":"","neve_meta_disable_footer":"","neve_meta_disable_title":"","footnotes":""},"class_list":["post-108","page","type-page","status-publish","hentry"],"yoast_head":"<!-- This site is optimized with the Yoast SEO plugin v25.8 - https:\/\/yoast.com\/wordpress\/plugins\/seo\/ -->\n<title>Vorstand - Reit und Fahrverein Aegerital<\/title>\n<meta name=\"robots\" content=\"index, follow, max-snippet:-1, max-image-preview:large, max-video-preview:-1\" \/>\n<link rel=\"canonical\" href=\"https:\/\/rfv-aegerital.ch\/?page_id=108\" \/>\n<meta property=\"og:locale\" content=\"de_DE\" \/>\n<meta property=\"og:type\" content=\"article\" \/>\n<meta property=\"og:title\" content=\"Vorstand - Reit und Fahrverein Aegerital\" \/>\n<meta property=\"og:description\" content=\"Pr\u00e4sidentin &#8211; Nadja Hausmann Vizepr\u00e4sidentin &#8211; Manuela Wolf Aktuarin &#8211; Stephanie H\u00fcrlimann Kassierin &#8211;&nbsp;Anja Merz&nbsp; Beisitzer &#8211; Steffi K\u00f6ppel\" \/>\n<meta property=\"og:url\" content=\"https:\/\/rfv-aegerital.ch\/?page_id=108\" \/>\n<meta property=\"og:site_name\" content=\"Reit und Fahrverein Aegerital\" \/>\n<meta property=\"article:publisher\" content=\"https:\/\/www.facebook.com\/groups\/115677461805534\/\" \/>\n<meta property=\"article:modified_time\" content=\"2025-06-13T18:02:20+00:00\" \/>\n<meta property=\"og:image\" content=\"https:\/\/rfv-aegerital.ch\/wp-content\/uploads\/2023\/04\/Nadia.jpg\" \/>\n\t<meta property=\"og:image:width\" content=\"1184\" \/>\n\t<meta property=\"og:image:height\" content=\"789\" \/>\n\t<meta property=\"og:image:type\" content=\"image\/jpeg\" \/>\n<meta name=\"twitter:card\" content=\"summary_large_image\" \/>\n<meta name=\"twitter:label1\" content=\"Gesch\u00e4tzte Lesezeit\" \/>\n\t<meta name=\"twitter:data1\" content=\"2\u00a0Minuten\" \/>\n<script type=\"application\/ld+json\" class=\"yoast-schema-graph\">{\"@context\":\"https:\/\/schema.org\",\"@graph\":[{\"@type\":\"WebPage\",\"@id\":\"https:\/\/rfv-aegerital.ch\/?page_id=108\",\"url\":\"https:\/\/rfv-aegerital.ch\/?page_id=108\",\"name\":\"Vorstand - Reit und Fahrverein Aegerital\",\"isPartOf\":{\"@id\":\"https:\/\/rfv-aegerital.ch\/#website\"},\"primaryImageOfPage\":{\"@id\":\"https:\/\/rfv-aegerital.ch\/?page_id=108#primaryimage\"},\"image\":{\"@id\":\"https:\/\/rfv-aegerital.ch\/?page_id=108#primaryimage\"},\"thumbnailUrl\":\"http:\/\/rfv-aegerital.ch\/wp-content\/uploads\/2023\/04\/Nadia.jpg\",\"datePublished\":\"2023-04-22T06:35:05+00:00\",\"dateModified\":\"2025-06-13T18:02:20+00:00\",\"breadcrumb\":{\"@id\":\"https:\/\/rfv-aegerital.ch\/?page_id=108#breadcrumb\"},\"inLanguage\":\"de-CH\",\"potentialAction\":[{\"@type\":\"ReadAction\",\"target\":[\"https:\/\/rfv-aegerital.ch\/?page_id=108\"]}]},{\"@type\":\"ImageObject\",\"inLanguage\":\"de-CH\",\"@id\":\"https:\/\/rfv-aegerital.ch\/?page_id=108#primaryimage\",\"url\":\"https:\/\/rfv-aegerital.ch\/wp-content\/uploads\/2023\/04\/Nadia.jpg\",\"contentUrl\":\"https:\/\/rfv-aegerital.ch\/wp-content\/uploads\/2023\/04\/Nadia.jpg\",\"width\":1184,\"height\":789},{\"@type\":\"BreadcrumbList\",\"@id\":\"https:\/\/rfv-aegerital.ch\/?page_id=108#breadcrumb\",\"itemListElement\":[{\"@type\":\"ListItem\",\"position\":1,\"name\":\"Startseite\",\"item\":\"https:\/\/rfv-aegerital.ch\/\"},{\"@type\":\"ListItem\",\"position\":2,\"name\":\"Vorstand\"}]},{\"@type\":\"WebSite\",\"@id\":\"https:\/\/rfv-aegerital.ch\/#website\",\"url\":\"https:\/\/rfv-aegerital.ch\/\",\"name\":\"Reit und Fahrverein Aegerital\",\"description\":\"\",\"publisher\":{\"@id\":\"https:\/\/rfv-aegerital.ch\/#organization\"},\"potentialAction\":[{\"@type\":\"SearchAction\",\"target\":{\"@type\":\"EntryPoint\",\"urlTemplate\":\"https:\/\/rfv-aegerital.ch\/?s={search_term_string}\"},\"query-input\":{\"@type\":\"PropertyValueSpecification\",\"valueRequired\":true,\"valueName\":\"search_term_string\"}}],\"inLanguage\":\"de-CH\"},{\"@type\":\"Organization\",\"@id\":\"https:\/\/rfv-aegerital.ch\/#organization\",\"name\":\"Reit und Fahrverein Aegerital\",\"url\":\"https:\/\/rfv-aegerital.ch\/\",\"logo\":{\"@type\":\"ImageObject\",\"inLanguage\":\"de-CH\",\"@id\":\"https:\/\/rfv-aegerital.ch\/#\/schema\/logo\/image\/\",\"url\":\"http:\/\/rfv-aegerital.ch\/wp-content\/uploads\/2024\/02\/Logo.jpg\",\"contentUrl\":\"http:\/\/rfv-aegerital.ch\/wp-content\/uploads\/2024\/02\/Logo.jpg\",\"width\":199,\"height\":200,\"caption\":\"Reit und Fahrverein Aegerital\"},\"image\":{\"@id\":\"https:\/\/rfv-aegerital.ch\/#\/schema\/logo\/image\/\"},\"sameAs\":[\"https:\/\/www.facebook.com\/groups\/115677461805534\/\"]}]}<\/script>\n<!-- \/ Yoast SEO plugin. -->","yoast_head_json":{"title":"Vorstand - Reit und Fahrverein Aegerital","robots":{"index":"index","follow":"follow","max-snippet":"max-snippet:-1","max-image-preview":"max-image-preview:large","max-video-preview":"max-video-preview:-1"},"canonical":"https:\/\/rfv-aegerital.ch\/?page_id=108","og_locale":"de_DE","og_type":"article","og_title":"Vorstand - Reit und Fahrverein Aegerital","og_description":"Pr\u00e4sidentin &#8211; Nadja Hausmann Vizepr\u00e4sidentin &#8211; Manuela Wolf Aktuarin &#8211; Stephanie H\u00fcrlimann Kassierin &#8211;&nbsp;Anja Merz&nbsp; Beisitzer &#8211; Steffi K\u00f6ppel","og_url":"https:\/\/rfv-aegerital.ch\/?page_id=108","og_site_name":"Reit und Fahrverein Aegerital","article_publisher":"https:\/\/www.facebook.com\/groups\/115677461805534\/","article_modified_time":"2025-06-13T18:02:20+00:00","og_image":[{"width":1184,"height":789,"url":"https:\/\/rfv-aegerital.ch\/wp-content\/uploads\/2023\/04\/Nadia.jpg","type":"image\/jpeg"}],"twitter_card":"summary_large_image","twitter_misc":{"Gesch\u00e4tzte Lesezeit":"2\u00a0Minuten"},"schema":{"@context":"https:\/\/schema.org","@graph":[{"@type":"WebPage","@id":"https:\/\/rfv-aegerital.ch\/?page_id=108","url":"https:\/\/rfv-aegerital.ch\/?page_id=108","name":"Vorstand - Reit und Fahrverein Aegerital","isPartOf":{"@id":"https:\/\/rfv-aegerital.ch\/#website"},"primaryImageOfPage":{"@id":"https:\/\/rfv-aegerital.ch\/?page_id=108#primaryimage"},"image":{"@id":"https:\/\/rfv-aegerital.ch\/?page_id=108#primaryimage"},"thumbnailUrl":"http:\/\/rfv-aegerital.ch\/wp-content\/uploads\/2023\/04\/Nadia.jpg","datePublished":"2023-04-22T06:35:05+00:00","dateModified":"2025-06-13T18:02:20+00:00","breadcrumb":{"@id":"https:\/\/rfv-aegerital.ch\/?page_id=108#breadcrumb"},"inLanguage":"de-CH","potentialAction":[{"@type":"ReadAction","target":["https:\/\/rfv-aegerital.ch\/?page_id=108"]}]},{"@type":"ImageObject","inLanguage":"de-CH","@id":"https:\/\/rfv-aegerital.ch\/?page_id=108#primaryimage","url":"https:\/\/rfv-aegerital.ch\/wp-content\/uploads\/2023\/04\/Nadia.jpg","contentUrl":"https:\/\/rfv-aegerital.ch\/wp-content\/uploads\/2023\/04\/Nadia.jpg","width":1184,"height":789},{"@type":"BreadcrumbList","@id":"https:\/\/rfv-aegerital.ch\/?page_id=108#breadcrumb","itemListElement":[{"@type":"ListItem","position":1,"name":"Startseite","item":"https:\/\/rfv-aegerital.ch\/"},{"@type":"ListItem","position":2,"name":"Vorstand"}]},{"@type":"WebSite","@id":"https:\/\/rfv-aegerital.ch\/#website","url":"https:\/\/rfv-aegerital.ch\/","name":"Reit und Fahrverein Aegerital","description":"","publisher":{"@id":"https:\/\/rfv-aegerital.ch\/#organization"},"potentialAction":[{"@type":"SearchAction","target":{"@type":"EntryPoint","urlTemplate":"https:\/\/rfv-aegerital.ch\/?s={search_term_string}"},"query-input":{"@type":"PropertyValueSpecification","valueRequired":true,"valueName":"search_term_string"}}],"inLanguage":"de-CH"},{"@type":"Organization","@id":"https:\/\/rfv-aegerital.ch\/#organization","name":"Reit und Fahrverein Aegerital","url":"https:\/\/rfv-aegerital.ch\/","logo":{"@type":"ImageObject","inLanguage":"de-CH","@id":"https:\/\/rfv-aegerital.ch\/#\/schema\/logo\/image\/","url":"http:\/\/rfv-aegerital.ch\/wp-content\/uploads\/2024\/02\/Logo.jpg","contentUrl":"http:\/\/rfv-aegerital.ch\/wp-content\/uploads\/2024\/02\/Logo.jpg","width":199,"height":200,"caption":"Reit und Fahrverein Aegerital"},"image":{"@id":"https:\/\/rfv-aegerital.ch\/#\/schema\/logo\/image\/"},"sameAs":["https:\/\/www.facebook.com\/groups\/115677461805534\/"]}]}},"_links":{"self":[{"href":"https:\/\/rfv-aegerital.ch\/index.php?rest_route=\/wp\/v2\/pages\/108","targetHints":{"allow":["GET"]}}],"collection":[{"href":"https:\/\/rfv-aegerital.ch\/index.php?rest_route=\/wp\/v2\/pages"}],"about":[{"href":"https:\/\/rfv-aegerital.ch\/index.php?rest_route=\/wp\/v2\/types\/page"}],"author":[{"embeddable":true,"href":"https:\/\/rfv-aegerital.ch\/index.php?rest_route=\/wp\/v2\/users\/1"}],"replies":[{"embeddable":true,"href":"https:\/\/rfv-aegerital.ch\/index.php?rest_route=%2Fwp%2Fv2%2Fcomments&post=108"}],"version-history":[{"count":5,"href":"https:\/\/rfv-aegerital.ch\/index.php?rest_route=\/wp\/v2\/pages\/108\/revisions"}],"predecessor-version":[{"id":240,"href":"https:\/\/rfv-aegerital.ch\/index.php?rest_route=\/wp\/v2\/pages\/108\/revisions\/240"}],"wp:attachment":[{"href":"https:\/\/rfv-aegerital.ch\/index.php?rest_route=%2Fwp%2Fv2%2Fmedia&parent=108"}],"curies":[{"name":"wp","href":"https:\/\/api.w.org\/{rel}","templated":true}]}}