{"id":36,"date":"2023-01-22T09:46:09","date_gmt":"2023-01-22T08:46:09","guid":{"rendered":"http:\/\/rfv.goldenponies.ch\/?page_id=36"},"modified":"2025-09-07T17:51:28","modified_gmt":"2025-09-07T15:51:28","slug":"infrastruktur","status":"publish","type":"page","link":"https:\/\/rfv-aegerital.ch\/?page_id=36","title":{"rendered":"Vereinsplatz"},"content":{"rendered":"\n<p>Unser Vereinsplatz befindet sich im Sibrisboden, Unter\u00e4geri, und steht unseren Aktivmitgliedern und Junioren zur freien Ben\u00fctzung bereit. Es stehen feste Spr\u00fcnge sowie diverse andere Elemente, wie beispielsweise unsere Wippe, zur Verf\u00fcgung. <\/p>\n\n\n\n<p>Bist du interessiert den Sibrisboden zu nutzen und noch kein Aktivmitglied \/ Junior? Bitte <a href=\"https:\/\/rfv-aegerital.ch\/?page_id=42\">kontaktiere<\/a> uns.<\/p>\n\n\n\n<p><\/p>\n\n\n\t\t<div\n            id=\"wpmapblock_f5d3d1ab\"\n            data-settings='{&quot;map_marker&quot;:[{&quot;lat&quot;:&quot;47.140279&quot;,&quot;lng&quot;:&quot;8.5535002&quot;,&quot;title&quot;:&quot;Sibrisboden&quot;,&quot;content&quot;:&quot;Sibrisboden&quot;,&quot;iconType&quot;:&quot;default&quot;,&quot;customIconUrl&quot;:&quot;&quot;,&quot;customIconWidth&quot;:&quot;25&quot;,&quot;customIconHeight&quot;:&quot;40&quot;}],&quot;map_zoom&quot;:&quot;13&quot;,&quot;scroll_wheel_zoom&quot;:&quot;1&quot;,&quot;map_type&quot;:&quot;GM&quot;,&quot;center_index&quot;:0}'\n            class=\"wpmapblockrender\"\n            style=\"\n\t\t\twidth: 100%;\n\t\t\theight: 500px;\n\t\t\"\n            >\n        <\/div>\n        ","protected":false},"excerpt":{"rendered":"<p>Unser Vereinsplatz befindet sich im Sibrisboden, Unter\u00e4geri, und steht unseren Aktivmitgliedern und Junioren zur freien Ben\u00fctzung bereit. Es stehen feste Spr\u00fcnge sowie diverse andere Elemente, wie beispielsweise unsere Wippe, zur Verf\u00fcgung. Bist du interessiert den Sibrisboden zu nutzen und noch kein Aktivmitglied \/ Junior? Bitte kontaktiere uns.<\/p>\n","protected":false},"author":1,"featured_media":0,"parent":0,"menu_order":0,"comment_status":"closed","ping_status":"closed","template":"","meta":{"neve_meta_sidebar":"","neve_meta_container":"","neve_meta_enable_content_width":"","neve_meta_content_width":0,"neve_meta_title_alignment":"","neve_meta_author_avatar":"","neve_post_elements_order":"","neve_meta_disable_header":"","neve_meta_disable_footer":"","neve_meta_disable_title":"","footnotes":""},"class_list":["post-36","page","type-page","status-publish","hentry"],"yoast_head":"<!-- This site is optimized with the Yoast SEO plugin v25.8 - https:\/\/yoast.com\/wordpress\/plugins\/seo\/ -->\n<title>Vereinsplatz - Reit und Fahrverein Aegerital<\/title>\n<meta name=\"robots\" content=\"index, follow, max-snippet:-1, max-image-preview:large, max-video-preview:-1\" \/>\n<link rel=\"canonical\" href=\"https:\/\/rfv-aegerital.ch\/?page_id=36\" \/>\n<meta property=\"og:locale\" content=\"de_DE\" \/>\n<meta property=\"og:type\" content=\"article\" \/>\n<meta property=\"og:title\" content=\"Vereinsplatz - Reit und Fahrverein Aegerital\" \/>\n<meta property=\"og:description\" content=\"Unser Vereinsplatz befindet sich im Sibrisboden, Unter\u00e4geri, und steht unseren Aktivmitgliedern und Junioren zur freien Ben\u00fctzung bereit. Es stehen feste Spr\u00fcnge sowie diverse andere Elemente, wie beispielsweise unsere Wippe, zur Verf\u00fcgung. Bist du interessiert den Sibrisboden zu nutzen und noch kein Aktivmitglied \/ Junior? Bitte kontaktiere uns.\" \/>\n<meta property=\"og:url\" content=\"https:\/\/rfv-aegerital.ch\/?page_id=36\" \/>\n<meta property=\"og:site_name\" content=\"Reit und Fahrverein Aegerital\" \/>\n<meta property=\"article:publisher\" content=\"https:\/\/www.facebook.com\/groups\/115677461805534\/\" \/>\n<meta property=\"article:modified_time\" content=\"2025-09-07T15:51:28+00:00\" \/>\n<meta property=\"og:image\" content=\"https:\/\/rfv-aegerital.ch\/wp-content\/uploads\/2023\/04\/RFV_Logo-2.jpg\" \/>\n\t<meta property=\"og:image:width\" content=\"320\" \/>\n\t<meta property=\"og:image:height\" content=\"322\" \/>\n\t<meta property=\"og:image:type\" content=\"image\/jpeg\" \/>\n<meta name=\"twitter:card\" content=\"summary_large_image\" \/>\n<meta name=\"twitter:label1\" content=\"Gesch\u00e4tzte Lesezeit\" \/>\n\t<meta name=\"twitter:data1\" content=\"1\u00a0Minute\" \/>\n<script type=\"application\/ld+json\" class=\"yoast-schema-graph\">{\"@context\":\"https:\/\/schema.org\",\"@graph\":[{\"@type\":\"WebPage\",\"@id\":\"https:\/\/rfv-aegerital.ch\/?page_id=36\",\"url\":\"https:\/\/rfv-aegerital.ch\/?page_id=36\",\"name\":\"Vereinsplatz - Reit und Fahrverein Aegerital\",\"isPartOf\":{\"@id\":\"https:\/\/rfv-aegerital.ch\/#website\"},\"datePublished\":\"2023-01-22T08:46:09+00:00\",\"dateModified\":\"2025-09-07T15:51:28+00:00\",\"breadcrumb\":{\"@id\":\"https:\/\/rfv-aegerital.ch\/?page_id=36#breadcrumb\"},\"inLanguage\":\"de-CH\",\"potentialAction\":[{\"@type\":\"ReadAction\",\"target\":[\"https:\/\/rfv-aegerital.ch\/?page_id=36\"]}]},{\"@type\":\"BreadcrumbList\",\"@id\":\"https:\/\/rfv-aegerital.ch\/?page_id=36#breadcrumb\",\"itemListElement\":[{\"@type\":\"ListItem\",\"position\":1,\"name\":\"Startseite\",\"item\":\"https:\/\/rfv-aegerital.ch\/\"},{\"@type\":\"ListItem\",\"position\":2,\"name\":\"Vereinsplatz\"}]},{\"@type\":\"WebSite\",\"@id\":\"https:\/\/rfv-aegerital.ch\/#website\",\"url\":\"https:\/\/rfv-aegerital.ch\/\",\"name\":\"Reit und Fahrverein Aegerital\",\"description\":\"\",\"publisher\":{\"@id\":\"https:\/\/rfv-aegerital.ch\/#organization\"},\"potentialAction\":[{\"@type\":\"SearchAction\",\"target\":{\"@type\":\"EntryPoint\",\"urlTemplate\":\"https:\/\/rfv-aegerital.ch\/?s={search_term_string}\"},\"query-input\":{\"@type\":\"PropertyValueSpecification\",\"valueRequired\":true,\"valueName\":\"search_term_string\"}}],\"inLanguage\":\"de-CH\"},{\"@type\":\"Organization\",\"@id\":\"https:\/\/rfv-aegerital.ch\/#organization\",\"name\":\"Reit und Fahrverein Aegerital\",\"url\":\"https:\/\/rfv-aegerital.ch\/\",\"logo\":{\"@type\":\"ImageObject\",\"inLanguage\":\"de-CH\",\"@id\":\"https:\/\/rfv-aegerital.ch\/#\/schema\/logo\/image\/\",\"url\":\"http:\/\/rfv-aegerital.ch\/wp-content\/uploads\/2024\/02\/Logo.jpg\",\"contentUrl\":\"http:\/\/rfv-aegerital.ch\/wp-content\/uploads\/2024\/02\/Logo.jpg\",\"width\":199,\"height\":200,\"caption\":\"Reit und Fahrverein Aegerital\"},\"image\":{\"@id\":\"https:\/\/rfv-aegerital.ch\/#\/schema\/logo\/image\/\"},\"sameAs\":[\"https:\/\/www.facebook.com\/groups\/115677461805534\/\"]}]}<\/script>\n<!-- \/ Yoast SEO plugin. -->","yoast_head_json":{"title":"Vereinsplatz - Reit und Fahrverein Aegerital","robots":{"index":"index","follow":"follow","max-snippet":"max-snippet:-1","max-image-preview":"max-image-preview:large","max-video-preview":"max-video-preview:-1"},"canonical":"https:\/\/rfv-aegerital.ch\/?page_id=36","og_locale":"de_DE","og_type":"article","og_title":"Vereinsplatz - Reit und Fahrverein Aegerital","og_description":"Unser Vereinsplatz befindet sich im Sibrisboden, Unter\u00e4geri, und steht unseren Aktivmitgliedern und Junioren zur freien Ben\u00fctzung bereit. Es stehen feste Spr\u00fcnge sowie diverse andere Elemente, wie beispielsweise unsere Wippe, zur Verf\u00fcgung. Bist du interessiert den Sibrisboden zu nutzen und noch kein Aktivmitglied \/ Junior? Bitte kontaktiere uns.","og_url":"https:\/\/rfv-aegerital.ch\/?page_id=36","og_site_name":"Reit und Fahrverein Aegerital","article_publisher":"https:\/\/www.facebook.com\/groups\/115677461805534\/","article_modified_time":"2025-09-07T15:51:28+00:00","og_image":[{"width":320,"height":322,"url":"https:\/\/rfv-aegerital.ch\/wp-content\/uploads\/2023\/04\/RFV_Logo-2.jpg","type":"image\/jpeg"}],"twitter_card":"summary_large_image","twitter_misc":{"Gesch\u00e4tzte Lesezeit":"1\u00a0Minute"},"schema":{"@context":"https:\/\/schema.org","@graph":[{"@type":"WebPage","@id":"https:\/\/rfv-aegerital.ch\/?page_id=36","url":"https:\/\/rfv-aegerital.ch\/?page_id=36","name":"Vereinsplatz - Reit und Fahrverein Aegerital","isPartOf":{"@id":"https:\/\/rfv-aegerital.ch\/#website"},"datePublished":"2023-01-22T08:46:09+00:00","dateModified":"2025-09-07T15:51:28+00:00","breadcrumb":{"@id":"https:\/\/rfv-aegerital.ch\/?page_id=36#breadcrumb"},"inLanguage":"de-CH","potentialAction":[{"@type":"ReadAction","target":["https:\/\/rfv-aegerital.ch\/?page_id=36"]}]},{"@type":"BreadcrumbList","@id":"https:\/\/rfv-aegerital.ch\/?page_id=36#breadcrumb","itemListElement":[{"@type":"ListItem","position":1,"name":"Startseite","item":"https:\/\/rfv-aegerital.ch\/"},{"@type":"ListItem","position":2,"name":"Vereinsplatz"}]},{"@type":"WebSite","@id":"https:\/\/rfv-aegerital.ch\/#website","url":"https:\/\/rfv-aegerital.ch\/","name":"Reit und Fahrverein Aegerital","description":"","publisher":{"@id":"https:\/\/rfv-aegerital.ch\/#organization"},"potentialAction":[{"@type":"SearchAction","target":{"@type":"EntryPoint","urlTemplate":"https:\/\/rfv-aegerital.ch\/?s={search_term_string}"},"query-input":{"@type":"PropertyValueSpecification","valueRequired":true,"valueName":"search_term_string"}}],"inLanguage":"de-CH"},{"@type":"Organization","@id":"https:\/\/rfv-aegerital.ch\/#organization","name":"Reit und Fahrverein Aegerital","url":"https:\/\/rfv-aegerital.ch\/","logo":{"@type":"ImageObject","inLanguage":"de-CH","@id":"https:\/\/rfv-aegerital.ch\/#\/schema\/logo\/image\/","url":"http:\/\/rfv-aegerital.ch\/wp-content\/uploads\/2024\/02\/Logo.jpg","contentUrl":"http:\/\/rfv-aegerital.ch\/wp-content\/uploads\/2024\/02\/Logo.jpg","width":199,"height":200,"caption":"Reit und Fahrverein Aegerital"},"image":{"@id":"https:\/\/rfv-aegerital.ch\/#\/schema\/logo\/image\/"},"sameAs":["https:\/\/www.facebook.com\/groups\/115677461805534\/"]}]}},"_links":{"self":[{"href":"https:\/\/rfv-aegerital.ch\/index.php?rest_route=\/wp\/v2\/pages\/36","targetHints":{"allow":["GET"]}}],"collection":[{"href":"https:\/\/rfv-aegerital.ch\/index.php?rest_route=\/wp\/v2\/pages"}],"about":[{"href":"https:\/\/rfv-aegerital.ch\/index.php?rest_route=\/wp\/v2\/types\/page"}],"author":[{"embeddable":true,"href":"https:\/\/rfv-aegerital.ch\/index.php?rest_route=\/wp\/v2\/users\/1"}],"replies":[{"embeddable":true,"href":"https:\/\/rfv-aegerital.ch\/index.php?rest_route=%2Fwp%2Fv2%2Fcomments&post=36"}],"version-history":[{"count":5,"href":"https:\/\/rfv-aegerital.ch\/index.php?rest_route=\/wp\/v2\/pages\/36\/revisions"}],"predecessor-version":[{"id":268,"href":"https:\/\/rfv-aegerital.ch\/index.php?rest_route=\/wp\/v2\/pages\/36\/revisions\/268"}],"wp:attachment":[{"href":"https:\/\/rfv-aegerital.ch\/index.php?rest_route=%2Fwp%2Fv2%2Fmedia&parent=36"}],"curies":[{"name":"wp","href":"https:\/\/api.w.org\/{rel}","templated":true}]}}